{"id":188,"date":"2024-07-16T14:55:12","date_gmt":"2024-07-16T12:55:12","guid":{"rendered":"https:\/\/lamargau.com\/?page_id=188"},"modified":"2024-07-18T09:44:08","modified_gmt":"2024-07-18T07:44:08","slug":"mentions-legales","status":"publish","type":"page","link":"https:\/\/lamargau.com\/index.php\/mentions-legales\/","title":{"rendered":"Mentions l\u00e9gales"},"content":{"rendered":"\n<hr class=\"wp-block-separator has-alpha-channel-opacity\"\/>\n\n\n\n<p><strong>\u00c9diteur du site :<\/strong><br>Brasserie La Margau (BOW)<br>EURL au capital de 4 000 euros<br>Si\u00e8ge social : 5B rue du Pr\u00e9 du Clerc, 42160 Bonson, France<br>T\u00e9l\u00e9phone : 04 82 28 37 86<br>Email : lamargau@protonmail.com<br>RCS St Etienne 877 653 261<br>Num\u00e9ro de TVA intracommunautaire : FR40 877 653 261<br>Directeur de la publication : Olivier WATTS<\/p>\n\n\n\n<p><strong>H\u00e9bergement :<\/strong><br>Nom de l\u2019h\u00e9bergeur : OVH<br>Adresse : 2 rue Kellermann, 59100 Roubaix, France<br>T\u00e9l\u00e9phone : 09 72 10 10 07<\/p>\n\n\n\n<p><strong>Propri\u00e9t\u00e9 intellectuelle :<\/strong><br>Tous les contenus pr\u00e9sents sur ce site sont la propri\u00e9t\u00e9 exclusive de Brasserie La Margau. Toute reproduction, distribution, modification, adaptation, retransmission ou publication, m\u00eame partielle, des diff\u00e9rents \u00e9l\u00e9ments de ce site est strictement interdite sans l&rsquo;accord \u00e9crit de Brasserie La Margau<\/p>\n\n\n\n<p><strong>Donn\u00e9es personnelles :<\/strong><br>Les informations recueillies sur ce site sont enregistr\u00e9es dans un fichier informatis\u00e9 par Brasserie La Margau pour la gestion de notre client\u00e8le. Elles sont conserv\u00e9es pendant 3 ans et sont destin\u00e9es au service marketing et au service commercial de Brasserie La Margau.<br>Conform\u00e9ment \u00e0 la loi \u00ab\u00a0Informatique et Libert\u00e9s\u00a0\u00bb, vous pouvez exercer votre droit d&rsquo;acc\u00e8s aux donn\u00e9es vous concernant et les faire rectifier en contactant : Olivier WATTS, lamargau@protonmail.com.<\/p>\n\n\n\n<p><strong>Cookies :<\/strong><br>Ce site utilise des cookies pour am\u00e9liorer votre exp\u00e9rience de navigation et pour des mesures d&rsquo;audience. Vous pouvez d\u00e9sactiver les cookies en modifiant les param\u00e8tres de votre navigateur.<\/p>\n\n\n\n<p><strong>Conditions g\u00e9n\u00e9rales de vente :<\/strong><br>Les conditions g\u00e9n\u00e9rales de vente sont accessibles <a href=\"https:\/\/lamargau.com\/index.php\/conventions-generales-de-vente\/\" data-type=\"page\" data-id=\"191\">ici<\/a>.<\/p>\n\n\n\n<p><strong>Responsabilit\u00e9 :<\/strong><br>Brasserie La Margau met tout en \u0153uvre pour offrir aux utilisateurs des informations disponibles et v\u00e9rifi\u00e9es, mais ne saurait \u00eatre tenue pour responsable des erreurs ou omissions, ni de l&rsquo;usage qui pourrait \u00eatre fait de ces informations.<\/p>\n\n\n\n<hr class=\"wp-block-separator has-alpha-channel-opacity\"\/>\n","protected":false},"excerpt":{"rendered":"<p>\u00c9diteur du site :Brasserie La Margau (BOW)EURL au capital de 4 000 eurosSi\u00e8ge social : 5B rue du Pr\u00e9 du Clerc, 42160 Bonson, FranceT\u00e9l\u00e9phone : 04 82 28 37 86Email : lamargau@protonmail.comRCS St Etienne 877 653 261Num\u00e9ro de TVA intracommunautaire : FR40 877 653 261Directeur de la publication : Olivier WATTS H\u00e9bergement :Nom de l\u2019h\u00e9bergeur [&hellip;]<\/p>\n","protected":false},"author":1,"featured_media":0,"parent":0,"menu_order":0,"comment_status":"closed","ping_status":"closed","template":"","meta":{"footnotes":""},"class_list":["post-188","page","type-page","status-publish","czr-hentry"],"yoast_head":"<!-- This site is optimized with the Yoast SEO plugin v27.4 - https:\/\/yoast.com\/product\/yoast-seo-wordpress\/ -->\n<title>Mentions l\u00e9gales | La Margau<\/title>\n<meta name=\"robots\" content=\"index, follow, max-snippet:-1, max-image-preview:large, max-video-preview:-1\" \/>\n<link rel=\"canonical\" href=\"https:\/\/lamargau.com\/index.php\/mentions-legales\/\" \/>\n<meta property=\"og:locale\" content=\"fr_FR\" \/>\n<meta property=\"og:type\" content=\"article\" \/>\n<meta property=\"og:title\" content=\"Mentions l\u00e9gales | La Margau\" \/>\n<meta property=\"og:description\" content=\"\u00c9diteur du site :Brasserie La Margau (BOW)EURL au capital de 4 000 eurosSi\u00e8ge social : 5B rue du Pr\u00e9 du Clerc, 42160 Bonson, FranceT\u00e9l\u00e9phone : 04 82 28 37 86Email : lamargau@protonmail.comRCS St Etienne 877 653 261Num\u00e9ro de TVA intracommunautaire : FR40 877 653 261Directeur de la publication : Olivier WATTS H\u00e9bergement :Nom de l\u2019h\u00e9bergeur [&hellip;]\" \/>\n<meta property=\"og:url\" content=\"https:\/\/lamargau.com\/index.php\/mentions-legales\/\" \/>\n<meta property=\"og:site_name\" content=\"La Margau\" \/>\n<meta property=\"article:publisher\" content=\"https:\/\/www.facebook.com\/p\/Brasserie-La-Margau-100057054446487\/?locale=fr_FR\" \/>\n<meta property=\"article:modified_time\" content=\"2024-07-18T07:44:08+00:00\" \/>\n<meta property=\"og:image\" content=\"https:\/\/lamargau.com\/wp-content\/uploads\/2024\/07\/logo.png\" \/>\n\t<meta property=\"og:image:width\" content=\"600\" \/>\n\t<meta property=\"og:image:height\" content=\"299\" \/>\n\t<meta property=\"og:image:type\" content=\"image\/png\" \/>\n<meta name=\"twitter:card\" content=\"summary_large_image\" \/>\n<meta name=\"twitter:label1\" content=\"Dur\u00e9e de lecture estim\u00e9e\" \/>\n\t<meta name=\"twitter:data1\" content=\"1 minute\" \/>\n<script type=\"application\/ld+json\" class=\"yoast-schema-graph\">{\"@context\":\"https:\\\/\\\/schema.org\",\"@graph\":[{\"@type\":\"WebPage\",\"@id\":\"https:\\\/\\\/lamargau.com\\\/index.php\\\/mentions-legales\\\/\",\"url\":\"https:\\\/\\\/lamargau.com\\\/index.php\\\/mentions-legales\\\/\",\"name\":\"Mentions l\u00e9gales | La Margau\",\"isPartOf\":{\"@id\":\"https:\\\/\\\/lamargau.com\\\/#website\"},\"datePublished\":\"2024-07-16T12:55:12+00:00\",\"dateModified\":\"2024-07-18T07:44:08+00:00\",\"breadcrumb\":{\"@id\":\"https:\\\/\\\/lamargau.com\\\/index.php\\\/mentions-legales\\\/#breadcrumb\"},\"inLanguage\":\"fr-FR\",\"potentialAction\":[{\"@type\":\"ReadAction\",\"target\":[\"https:\\\/\\\/lamargau.com\\\/index.php\\\/mentions-legales\\\/\"]}]},{\"@type\":\"BreadcrumbList\",\"@id\":\"https:\\\/\\\/lamargau.com\\\/index.php\\\/mentions-legales\\\/#breadcrumb\",\"itemListElement\":[{\"@type\":\"ListItem\",\"position\":1,\"name\":\"Accueil\",\"item\":\"https:\\\/\\\/lamargau.com\\\/\"},{\"@type\":\"ListItem\",\"position\":2,\"name\":\"Mentions l\u00e9gales\"}]},{\"@type\":\"WebSite\",\"@id\":\"https:\\\/\\\/lamargau.com\\\/#website\",\"url\":\"https:\\\/\\\/lamargau.com\\\/\",\"name\":\"La Margau\",\"description\":\"Micro-brasserie\",\"publisher\":{\"@id\":\"https:\\\/\\\/lamargau.com\\\/#organization\"},\"alternateName\":\"Margau\",\"potentialAction\":[{\"@type\":\"SearchAction\",\"target\":{\"@type\":\"EntryPoint\",\"urlTemplate\":\"https:\\\/\\\/lamargau.com\\\/?s={search_term_string}\"},\"query-input\":{\"@type\":\"PropertyValueSpecification\",\"valueRequired\":true,\"valueName\":\"search_term_string\"}}],\"inLanguage\":\"fr-FR\"},{\"@type\":\"Organization\",\"@id\":\"https:\\\/\\\/lamargau.com\\\/#organization\",\"name\":\"Brasserie La Margau (BOW)\",\"url\":\"https:\\\/\\\/lamargau.com\\\/\",\"logo\":{\"@type\":\"ImageObject\",\"inLanguage\":\"fr-FR\",\"@id\":\"https:\\\/\\\/lamargau.com\\\/#\\\/schema\\\/logo\\\/image\\\/\",\"url\":\"https:\\\/\\\/lamargau.com\\\/wp-content\\\/uploads\\\/2024\\\/07\\\/cropped-cropped-logo.png\",\"contentUrl\":\"https:\\\/\\\/lamargau.com\\\/wp-content\\\/uploads\\\/2024\\\/07\\\/cropped-cropped-logo.png\",\"width\":600,\"height\":240,\"caption\":\"Brasserie La Margau (BOW)\"},\"image\":{\"@id\":\"https:\\\/\\\/lamargau.com\\\/#\\\/schema\\\/logo\\\/image\\\/\"},\"sameAs\":[\"https:\\\/\\\/www.facebook.com\\\/p\\\/Brasserie-La-Margau-100057054446487\\\/?locale=fr_FR\",\"https:\\\/\\\/www.instagram.com\\\/la.margau\\\/\"]}]}<\/script>\n<!-- \/ Yoast SEO plugin. -->","yoast_head_json":{"title":"Mentions l\u00e9gales | La Margau","robots":{"index":"index","follow":"follow","max-snippet":"max-snippet:-1","max-image-preview":"max-image-preview:large","max-video-preview":"max-video-preview:-1"},"canonical":"https:\/\/lamargau.com\/index.php\/mentions-legales\/","og_locale":"fr_FR","og_type":"article","og_title":"Mentions l\u00e9gales | La Margau","og_description":"\u00c9diteur du site :Brasserie La Margau (BOW)EURL au capital de 4 000 eurosSi\u00e8ge social : 5B rue du Pr\u00e9 du Clerc, 42160 Bonson, FranceT\u00e9l\u00e9phone : 04 82 28 37 86Email : lamargau@protonmail.comRCS St Etienne 877 653 261Num\u00e9ro de TVA intracommunautaire : FR40 877 653 261Directeur de la publication : Olivier WATTS H\u00e9bergement :Nom de l\u2019h\u00e9bergeur [&hellip;]","og_url":"https:\/\/lamargau.com\/index.php\/mentions-legales\/","og_site_name":"La Margau","article_publisher":"https:\/\/www.facebook.com\/p\/Brasserie-La-Margau-100057054446487\/?locale=fr_FR","article_modified_time":"2024-07-18T07:44:08+00:00","og_image":[{"width":600,"height":299,"url":"https:\/\/lamargau.com\/wp-content\/uploads\/2024\/07\/logo.png","type":"image\/png"}],"twitter_card":"summary_large_image","twitter_misc":{"Dur\u00e9e de lecture estim\u00e9e":"1 minute"},"schema":{"@context":"https:\/\/schema.org","@graph":[{"@type":"WebPage","@id":"https:\/\/lamargau.com\/index.php\/mentions-legales\/","url":"https:\/\/lamargau.com\/index.php\/mentions-legales\/","name":"Mentions l\u00e9gales | La Margau","isPartOf":{"@id":"https:\/\/lamargau.com\/#website"},"datePublished":"2024-07-16T12:55:12+00:00","dateModified":"2024-07-18T07:44:08+00:00","breadcrumb":{"@id":"https:\/\/lamargau.com\/index.php\/mentions-legales\/#breadcrumb"},"inLanguage":"fr-FR","potentialAction":[{"@type":"ReadAction","target":["https:\/\/lamargau.com\/index.php\/mentions-legales\/"]}]},{"@type":"BreadcrumbList","@id":"https:\/\/lamargau.com\/index.php\/mentions-legales\/#breadcrumb","itemListElement":[{"@type":"ListItem","position":1,"name":"Accueil","item":"https:\/\/lamargau.com\/"},{"@type":"ListItem","position":2,"name":"Mentions l\u00e9gales"}]},{"@type":"WebSite","@id":"https:\/\/lamargau.com\/#website","url":"https:\/\/lamargau.com\/","name":"La Margau","description":"Micro-brasserie","publisher":{"@id":"https:\/\/lamargau.com\/#organization"},"alternateName":"Margau","potentialAction":[{"@type":"SearchAction","target":{"@type":"EntryPoint","urlTemplate":"https:\/\/lamargau.com\/?s={search_term_string}"},"query-input":{"@type":"PropertyValueSpecification","valueRequired":true,"valueName":"search_term_string"}}],"inLanguage":"fr-FR"},{"@type":"Organization","@id":"https:\/\/lamargau.com\/#organization","name":"Brasserie La Margau (BOW)","url":"https:\/\/lamargau.com\/","logo":{"@type":"ImageObject","inLanguage":"fr-FR","@id":"https:\/\/lamargau.com\/#\/schema\/logo\/image\/","url":"https:\/\/lamargau.com\/wp-content\/uploads\/2024\/07\/cropped-cropped-logo.png","contentUrl":"https:\/\/lamargau.com\/wp-content\/uploads\/2024\/07\/cropped-cropped-logo.png","width":600,"height":240,"caption":"Brasserie La Margau (BOW)"},"image":{"@id":"https:\/\/lamargau.com\/#\/schema\/logo\/image\/"},"sameAs":["https:\/\/www.facebook.com\/p\/Brasserie-La-Margau-100057054446487\/?locale=fr_FR","https:\/\/www.instagram.com\/la.margau\/"]}]}},"_links":{"self":[{"href":"https:\/\/lamargau.com\/index.php\/wp-json\/wp\/v2\/pages\/188","targetHints":{"allow":["GET"]}}],"collection":[{"href":"https:\/\/lamargau.com\/index.php\/wp-json\/wp\/v2\/pages"}],"about":[{"href":"https:\/\/lamargau.com\/index.php\/wp-json\/wp\/v2\/types\/page"}],"author":[{"embeddable":true,"href":"https:\/\/lamargau.com\/index.php\/wp-json\/wp\/v2\/users\/1"}],"replies":[{"embeddable":true,"href":"https:\/\/lamargau.com\/index.php\/wp-json\/wp\/v2\/comments?post=188"}],"version-history":[{"count":4,"href":"https:\/\/lamargau.com\/index.php\/wp-json\/wp\/v2\/pages\/188\/revisions"}],"predecessor-version":[{"id":241,"href":"https:\/\/lamargau.com\/index.php\/wp-json\/wp\/v2\/pages\/188\/revisions\/241"}],"wp:attachment":[{"href":"https:\/\/lamargau.com\/index.php\/wp-json\/wp\/v2\/media?parent=188"}],"curies":[{"name":"wp","href":"https:\/\/api.w.org\/{rel}","templated":true}]}}