{"id":191,"date":"2024-07-16T15:09:01","date_gmt":"2024-07-16T13:09:01","guid":{"rendered":"https:\/\/lamargau.com\/?page_id=191"},"modified":"2024-07-16T15:32:15","modified_gmt":"2024-07-16T13:32:15","slug":"conventions-generales-de-vente","status":"publish","type":"page","link":"https:\/\/lamargau.com\/index.php\/conventions-generales-de-vente\/","title":{"rendered":"Conventions G\u00e9n\u00e9rales de Vente"},"content":{"rendered":"\n<hr class=\"wp-block-separator has-alpha-channel-opacity\"\/>\n\n\n\n<p><strong>1. Objet<\/strong><br>Les pr\u00e9sentes conditions g\u00e9n\u00e9rales de vente (CGV) r\u00e9gissent les relations contractuelles entre Brasserie La Margau, dont le si\u00e8ge social est situ\u00e9 au 5B rue du Pr\u00e9 du Clerc, 42160 Bonson, France, et toute personne physique ou morale souhaitant proc\u00e9der \u00e0 un achat via le site internet www.lamargau.com.<\/p>\n\n\n\n<p><strong>2. Produits<\/strong><br>Les produits propos\u00e9s sont ceux qui figurent dans le catalogue publi\u00e9 sur le site de Brasserie La Margau. Chaque produit est accompagn\u00e9 d&rsquo;un descriptif \u00e9tabli par Brasserie La Margau. Les photographies du catalogue sont les plus fid\u00e8les possibles mais ne peuvent assurer une similitude parfaite avec le produit offert.<\/p>\n\n\n\n<p><strong>3. Tarifs<\/strong><br>Les prix figurant dans le catalogue sont des prix TTC en euros tenant compte de la TVA applicable au jour de la commande. Brasserie La Margau se r\u00e9serve le droit de modifier ses prix \u00e0 tout moment, \u00e9tant toutefois entendu que le prix figurant au catalogue le jour de la commande sera le seul applicable \u00e0 l\u2019acheteur.<\/p>\n\n\n\n<p><strong>4. Commande<\/strong><br>L&rsquo;acheteur, qui souhaite acheter un produit ou un service doit obligatoirement :<\/p>\n\n\n\n<ul class=\"wp-block-list\">\n<li>Remplir la fiche d\u2019identification sur laquelle il indiquera toutes les coordonn\u00e9es demand\u00e9es.<\/li>\n\n\n\n<li>Remplir le bon de commande en ligne en donnant toutes les r\u00e9f\u00e9rences des produits ou services choisis.<\/li>\n\n\n\n<li>Valider sa commande apr\u00e8s l\u2019avoir v\u00e9rifi\u00e9e.<\/li>\n\n\n\n<li>Effectuer le paiement dans les conditions pr\u00e9vues.<\/li>\n\n\n\n<li>Confirmer sa commande et son r\u00e8glement.<\/li>\n<\/ul>\n\n\n\n<p>La confirmation de la commande entra\u00eene acceptation des pr\u00e9sentes conditions de vente, la reconnaissance d\u2019en avoir parfaite connaissance et la renonciation \u00e0 se pr\u00e9valoir de ses propres conditions d\u2019achat ou d\u2019autres conditions.<\/p>\n\n\n\n<p><strong>5. Modalit\u00e9s de paiement<\/strong><br>Le prix est exigible \u00e0 la commande. Les paiements seront effectu\u00e9s par carte bancaire, via un syst\u00e8me s\u00e9curis\u00e9. Les paiements par ch\u00e8que ou virement bancaire sont accept\u00e9s uniquement sur demande pr\u00e9alable. Une facture sur papier sera envoy\u00e9e \u00e0 l\u2019acheteur \u00e0 l&rsquo;int\u00e9rieur du colis.<\/p>\n\n\n\n<p><strong>6. Livraison<\/strong><br>Les livraisons sont faites \u00e0 l\u2019adresse indiqu\u00e9e dans le bon de commande. Les risques sont \u00e0 la charge de l\u2019acqu\u00e9reur \u00e0 compter du moment o\u00f9 les produits ont quitt\u00e9 les locaux de Brasserie La Margau. En cas de dommage pendant le transport, la protestation motiv\u00e9e doit \u00eatre formul\u00e9e aupr\u00e8s du transporteur dans un d\u00e9lai de trois jours \u00e0 compter de la livraison.<\/p>\n\n\n\n<p><strong>7. R\u00e9tractation<\/strong><br>Les acheteurs, personnes physiques non professionnelles, b\u00e9n\u00e9ficient d\u2019un d\u00e9lai de r\u00e9tractation de quatorze jours \u00e0 compter de la livraison de leur commande pour faire retour du produit \u00e0 Brasserie La Margau pour \u00e9change ou remboursement sans p\u00e9nalit\u00e9, \u00e0 l\u2019exception des frais de retour.<\/p>\n\n\n\n<p><strong>8. Garantie<\/strong><br>Tous les produits fournis par Brasserie La Margau b\u00e9n\u00e9ficient de la garantie l\u00e9gale pr\u00e9vue par les articles 1641 et suivants du Code civil. En cas de non-conformit\u00e9 d\u2019un produit vendu, il pourra \u00eatre retourn\u00e9 \u00e0 Brasserie La Margau qui le reprendra, l\u2019\u00e9changera ou le remboursera. Toutes les r\u00e9clamations, demandes d\u2019\u00e9change ou de remboursement doivent s\u2019effectuer par voie postale \u00e0 l\u2019adresse suivante : Brasserie La Margau, 5B rue du Pr\u00e9 du Clerc, 42160 Bonson, France, dans un d\u00e9lai de trente jours apr\u00e8s livraison.<\/p>\n\n\n\n<p><strong>9. Responsabilit\u00e9<\/strong><br>Brasserie La Margau, dans le processus de vente en ligne, n\u2019est tenue que par une obligation de moyens ; sa responsabilit\u00e9 ne pourra \u00eatre engag\u00e9e pour un dommage r\u00e9sultant de l\u2019utilisation du r\u00e9seau internet tel que perte de donn\u00e9es, intrusion, virus, rupture du service, ou autres probl\u00e8mes involontaires.<\/p>\n\n\n\n<p><strong>10. Propri\u00e9t\u00e9 intellectuelle<\/strong><br>Tous les \u00e9l\u00e9ments du site de Brasserie La Margau sont et restent la propri\u00e9t\u00e9 intellectuelle et exclusive de Brasserie La Margau. Personne n\u2019est autoris\u00e9 \u00e0 reproduire, exploiter, rediffuser, ou utiliser \u00e0 quelque titre que ce soit, m\u00eame partiellement, des \u00e9l\u00e9ments du site qu\u2019ils soient logiciels, visuels ou sonores.<\/p>\n\n\n\n<p><strong>11. Donn\u00e9es personnelles<\/strong><br>Brasserie La Margau s&rsquo;engage \u00e0 pr\u00e9server la confidentialit\u00e9 des informations fournies par l\u2019acheteur, qu\u2019il serait amen\u00e9 \u00e0 transmettre pour l\u2019utilisation de certains services. Toute information concernant l&rsquo;acheteur est soumise aux dispositions de la loi n\u00b0 78-17 du 6 janvier 1978. A ce titre, l&rsquo;acheteur dispose d\u2019un droit d\u2019acc\u00e8s, de modification et de suppression des informations le concernant. Il peut en faire la demande \u00e0 tout moment par courrier \u00e0 l\u2019adresse suivante : Brasserie La Margau, 5B rue du Pr\u00e9 du Clerc, 42160 Bonson, France.<\/p>\n\n\n\n<p><strong>12. R\u00e8glement des litiges<\/strong><br>Les pr\u00e9sentes conditions de vente en ligne sont soumises \u00e0 la loi fran\u00e7aise. En cas de litige, comp\u00e9tence est attribu\u00e9e aux tribunaux comp\u00e9tents de Paris, nonobstant pluralit\u00e9 de d\u00e9fendeurs ou appel en garantie.<\/p>\n\n\n\n<hr class=\"wp-block-separator has-alpha-channel-opacity\"\/>\n","protected":false},"excerpt":{"rendered":"<p>1. ObjetLes pr\u00e9sentes conditions g\u00e9n\u00e9rales de vente (CGV) r\u00e9gissent les relations contractuelles entre Brasserie La Margau, dont le si\u00e8ge social est situ\u00e9 au 5B rue du Pr\u00e9 du Clerc, 42160 Bonson, France, et toute personne physique ou morale souhaitant proc\u00e9der \u00e0 un achat via le site internet www.lamargau.com. 2. ProduitsLes produits propos\u00e9s sont ceux qui [&hellip;]<\/p>\n","protected":false},"author":1,"featured_media":0,"parent":0,"menu_order":0,"comment_status":"closed","ping_status":"closed","template":"","meta":{"footnotes":""},"class_list":["post-191","page","type-page","status-publish","czr-hentry"],"yoast_head":"<!-- This site is optimized with the Yoast SEO plugin v27.4 - https:\/\/yoast.com\/product\/yoast-seo-wordpress\/ -->\n<title>Conventions G\u00e9n\u00e9rales de Vente | La Margau<\/title>\n<meta name=\"robots\" content=\"index, follow, max-snippet:-1, max-image-preview:large, max-video-preview:-1\" \/>\n<link rel=\"canonical\" href=\"https:\/\/lamargau.com\/index.php\/conventions-generales-de-vente\/\" \/>\n<meta property=\"og:locale\" content=\"fr_FR\" \/>\n<meta property=\"og:type\" content=\"article\" \/>\n<meta property=\"og:title\" content=\"Conventions G\u00e9n\u00e9rales de Vente | La Margau\" \/>\n<meta property=\"og:description\" content=\"1. ObjetLes pr\u00e9sentes conditions g\u00e9n\u00e9rales de vente (CGV) r\u00e9gissent les relations contractuelles entre Brasserie La Margau, dont le si\u00e8ge social est situ\u00e9 au 5B rue du Pr\u00e9 du Clerc, 42160 Bonson, France, et toute personne physique ou morale souhaitant proc\u00e9der \u00e0 un achat via le site internet www.lamargau.com. 2. ProduitsLes produits propos\u00e9s sont ceux qui [&hellip;]\" \/>\n<meta property=\"og:url\" content=\"https:\/\/lamargau.com\/index.php\/conventions-generales-de-vente\/\" \/>\n<meta property=\"og:site_name\" content=\"La Margau\" \/>\n<meta property=\"article:publisher\" content=\"https:\/\/www.facebook.com\/p\/Brasserie-La-Margau-100057054446487\/?locale=fr_FR\" \/>\n<meta property=\"article:modified_time\" content=\"2024-07-16T13:32:15+00:00\" \/>\n<meta property=\"og:image\" content=\"https:\/\/lamargau.com\/wp-content\/uploads\/2024\/07\/logo.png\" \/>\n\t<meta property=\"og:image:width\" content=\"600\" \/>\n\t<meta property=\"og:image:height\" content=\"299\" \/>\n\t<meta property=\"og:image:type\" content=\"image\/png\" \/>\n<meta name=\"twitter:card\" content=\"summary_large_image\" \/>\n<meta name=\"twitter:label1\" content=\"Dur\u00e9e de lecture estim\u00e9e\" \/>\n\t<meta name=\"twitter:data1\" content=\"4 minutes\" \/>\n<script type=\"application\/ld+json\" class=\"yoast-schema-graph\">{\"@context\":\"https:\\\/\\\/schema.org\",\"@graph\":[{\"@type\":\"WebPage\",\"@id\":\"https:\\\/\\\/lamargau.com\\\/index.php\\\/conventions-generales-de-vente\\\/\",\"url\":\"https:\\\/\\\/lamargau.com\\\/index.php\\\/conventions-generales-de-vente\\\/\",\"name\":\"Conventions G\u00e9n\u00e9rales de Vente | La Margau\",\"isPartOf\":{\"@id\":\"https:\\\/\\\/lamargau.com\\\/#website\"},\"datePublished\":\"2024-07-16T13:09:01+00:00\",\"dateModified\":\"2024-07-16T13:32:15+00:00\",\"breadcrumb\":{\"@id\":\"https:\\\/\\\/lamargau.com\\\/index.php\\\/conventions-generales-de-vente\\\/#breadcrumb\"},\"inLanguage\":\"fr-FR\",\"potentialAction\":[{\"@type\":\"ReadAction\",\"target\":[\"https:\\\/\\\/lamargau.com\\\/index.php\\\/conventions-generales-de-vente\\\/\"]}]},{\"@type\":\"BreadcrumbList\",\"@id\":\"https:\\\/\\\/lamargau.com\\\/index.php\\\/conventions-generales-de-vente\\\/#breadcrumb\",\"itemListElement\":[{\"@type\":\"ListItem\",\"position\":1,\"name\":\"Accueil\",\"item\":\"https:\\\/\\\/lamargau.com\\\/\"},{\"@type\":\"ListItem\",\"position\":2,\"name\":\"Conventions G\u00e9n\u00e9rales de Vente\"}]},{\"@type\":\"WebSite\",\"@id\":\"https:\\\/\\\/lamargau.com\\\/#website\",\"url\":\"https:\\\/\\\/lamargau.com\\\/\",\"name\":\"La Margau\",\"description\":\"Micro-brasserie\",\"publisher\":{\"@id\":\"https:\\\/\\\/lamargau.com\\\/#organization\"},\"alternateName\":\"Margau\",\"potentialAction\":[{\"@type\":\"SearchAction\",\"target\":{\"@type\":\"EntryPoint\",\"urlTemplate\":\"https:\\\/\\\/lamargau.com\\\/?s={search_term_string}\"},\"query-input\":{\"@type\":\"PropertyValueSpecification\",\"valueRequired\":true,\"valueName\":\"search_term_string\"}}],\"inLanguage\":\"fr-FR\"},{\"@type\":\"Organization\",\"@id\":\"https:\\\/\\\/lamargau.com\\\/#organization\",\"name\":\"Brasserie La Margau (BOW)\",\"url\":\"https:\\\/\\\/lamargau.com\\\/\",\"logo\":{\"@type\":\"ImageObject\",\"inLanguage\":\"fr-FR\",\"@id\":\"https:\\\/\\\/lamargau.com\\\/#\\\/schema\\\/logo\\\/image\\\/\",\"url\":\"https:\\\/\\\/lamargau.com\\\/wp-content\\\/uploads\\\/2024\\\/07\\\/cropped-cropped-logo.png\",\"contentUrl\":\"https:\\\/\\\/lamargau.com\\\/wp-content\\\/uploads\\\/2024\\\/07\\\/cropped-cropped-logo.png\",\"width\":600,\"height\":240,\"caption\":\"Brasserie La Margau (BOW)\"},\"image\":{\"@id\":\"https:\\\/\\\/lamargau.com\\\/#\\\/schema\\\/logo\\\/image\\\/\"},\"sameAs\":[\"https:\\\/\\\/www.facebook.com\\\/p\\\/Brasserie-La-Margau-100057054446487\\\/?locale=fr_FR\",\"https:\\\/\\\/www.instagram.com\\\/la.margau\\\/\"]}]}<\/script>\n<!-- \/ Yoast SEO plugin. -->","yoast_head_json":{"title":"Conventions G\u00e9n\u00e9rales de Vente | La Margau","robots":{"index":"index","follow":"follow","max-snippet":"max-snippet:-1","max-image-preview":"max-image-preview:large","max-video-preview":"max-video-preview:-1"},"canonical":"https:\/\/lamargau.com\/index.php\/conventions-generales-de-vente\/","og_locale":"fr_FR","og_type":"article","og_title":"Conventions G\u00e9n\u00e9rales de Vente | La Margau","og_description":"1. ObjetLes pr\u00e9sentes conditions g\u00e9n\u00e9rales de vente (CGV) r\u00e9gissent les relations contractuelles entre Brasserie La Margau, dont le si\u00e8ge social est situ\u00e9 au 5B rue du Pr\u00e9 du Clerc, 42160 Bonson, France, et toute personne physique ou morale souhaitant proc\u00e9der \u00e0 un achat via le site internet www.lamargau.com. 2. ProduitsLes produits propos\u00e9s sont ceux qui [&hellip;]","og_url":"https:\/\/lamargau.com\/index.php\/conventions-generales-de-vente\/","og_site_name":"La Margau","article_publisher":"https:\/\/www.facebook.com\/p\/Brasserie-La-Margau-100057054446487\/?locale=fr_FR","article_modified_time":"2024-07-16T13:32:15+00:00","og_image":[{"width":600,"height":299,"url":"https:\/\/lamargau.com\/wp-content\/uploads\/2024\/07\/logo.png","type":"image\/png"}],"twitter_card":"summary_large_image","twitter_misc":{"Dur\u00e9e de lecture estim\u00e9e":"4 minutes"},"schema":{"@context":"https:\/\/schema.org","@graph":[{"@type":"WebPage","@id":"https:\/\/lamargau.com\/index.php\/conventions-generales-de-vente\/","url":"https:\/\/lamargau.com\/index.php\/conventions-generales-de-vente\/","name":"Conventions G\u00e9n\u00e9rales de Vente | La Margau","isPartOf":{"@id":"https:\/\/lamargau.com\/#website"},"datePublished":"2024-07-16T13:09:01+00:00","dateModified":"2024-07-16T13:32:15+00:00","breadcrumb":{"@id":"https:\/\/lamargau.com\/index.php\/conventions-generales-de-vente\/#breadcrumb"},"inLanguage":"fr-FR","potentialAction":[{"@type":"ReadAction","target":["https:\/\/lamargau.com\/index.php\/conventions-generales-de-vente\/"]}]},{"@type":"BreadcrumbList","@id":"https:\/\/lamargau.com\/index.php\/conventions-generales-de-vente\/#breadcrumb","itemListElement":[{"@type":"ListItem","position":1,"name":"Accueil","item":"https:\/\/lamargau.com\/"},{"@type":"ListItem","position":2,"name":"Conventions G\u00e9n\u00e9rales de Vente"}]},{"@type":"WebSite","@id":"https:\/\/lamargau.com\/#website","url":"https:\/\/lamargau.com\/","name":"La Margau","description":"Micro-brasserie","publisher":{"@id":"https:\/\/lamargau.com\/#organization"},"alternateName":"Margau","potentialAction":[{"@type":"SearchAction","target":{"@type":"EntryPoint","urlTemplate":"https:\/\/lamargau.com\/?s={search_term_string}"},"query-input":{"@type":"PropertyValueSpecification","valueRequired":true,"valueName":"search_term_string"}}],"inLanguage":"fr-FR"},{"@type":"Organization","@id":"https:\/\/lamargau.com\/#organization","name":"Brasserie La Margau (BOW)","url":"https:\/\/lamargau.com\/","logo":{"@type":"ImageObject","inLanguage":"fr-FR","@id":"https:\/\/lamargau.com\/#\/schema\/logo\/image\/","url":"https:\/\/lamargau.com\/wp-content\/uploads\/2024\/07\/cropped-cropped-logo.png","contentUrl":"https:\/\/lamargau.com\/wp-content\/uploads\/2024\/07\/cropped-cropped-logo.png","width":600,"height":240,"caption":"Brasserie La Margau (BOW)"},"image":{"@id":"https:\/\/lamargau.com\/#\/schema\/logo\/image\/"},"sameAs":["https:\/\/www.facebook.com\/p\/Brasserie-La-Margau-100057054446487\/?locale=fr_FR","https:\/\/www.instagram.com\/la.margau\/"]}]}},"_links":{"self":[{"href":"https:\/\/lamargau.com\/index.php\/wp-json\/wp\/v2\/pages\/191","targetHints":{"allow":["GET"]}}],"collection":[{"href":"https:\/\/lamargau.com\/index.php\/wp-json\/wp\/v2\/pages"}],"about":[{"href":"https:\/\/lamargau.com\/index.php\/wp-json\/wp\/v2\/types\/page"}],"author":[{"embeddable":true,"href":"https:\/\/lamargau.com\/index.php\/wp-json\/wp\/v2\/users\/1"}],"replies":[{"embeddable":true,"href":"https:\/\/lamargau.com\/index.php\/wp-json\/wp\/v2\/comments?post=191"}],"version-history":[{"count":1,"href":"https:\/\/lamargau.com\/index.php\/wp-json\/wp\/v2\/pages\/191\/revisions"}],"predecessor-version":[{"id":201,"href":"https:\/\/lamargau.com\/index.php\/wp-json\/wp\/v2\/pages\/191\/revisions\/201"}],"wp:attachment":[{"href":"https:\/\/lamargau.com\/index.php\/wp-json\/wp\/v2\/media?parent=191"}],"curies":[{"name":"wp","href":"https:\/\/api.w.org\/{rel}","templated":true}]}}