{"id":234,"date":"2024-07-16T17:02:45","date_gmt":"2024-07-16T15:02:45","guid":{"rendered":"https:\/\/lamargau.com\/?page_id=234"},"modified":"2024-07-16T17:02:45","modified_gmt":"2024-07-16T15:02:45","slug":"politique-de-confidentialite-2","status":"publish","type":"page","link":"https:\/\/lamargau.com\/index.php\/politique-de-confidentialite-2\/","title":{"rendered":"Politique de confidentialit\u00e9"},"content":{"rendered":"\n<h5 class=\"wp-block-heading\"><strong>Protection des biens et des personnes \u2013 Gestion des donn\u00e9es personnelles<\/strong><\/h5>\n\n\n\n<p>www.lamargau.com recueille vos donn\u00e9es, sur votre consentement, par le biais d\u2019un formulaire de contact.<\/p>\n\n\n\n<p>Ces informations sont enregistr\u00e9es dans un fichier informatis\u00e9 pour faciliter le bon d\u00e9roulement des \u00e9changes entre vous et un collaborateur de www.lamargau.com. Ces \u00e9changes ont pour objectif de traiter votre demande de renseignement, de devis, de rendez-vous. Aucune adresse IP n\u2019est collect\u00e9e.<\/p>\n\n\n\n<p>Le responsable du traitement de ces donn\u00e9es est www.lamargau.com, responsable de la publication du site. Dans le respect de la r\u00e9glementation applicable au 25 mai 2018, les donn\u00e9es collect\u00e9es sont conserv\u00e9es pendant une dur\u00e9e maximale de 12 mois dans un registre des traitements et font l\u2019objet d\u2019une proc\u00e9dure rigoureuse.<\/p>\n\n\n\n<p>Aucune information personnelle de l\u2019utilisateur du site www.lamargau.com n\u2019est publi\u00e9e \u00e0 l\u2019insu de l\u2019utilisateur, \u00e9chang\u00e9e, transf\u00e9r\u00e9e, c\u00e9d\u00e9e ou vendue sur un support quelconque \u00e0 des tiers.<\/p>\n\n\n\n<h5 class=\"wp-block-heading\"><strong>Protection des donn\u00e9es personnelles<\/strong><\/h5>\n\n\n\n<p>www.lamargau.com met en \u0153uvre toutes les mesures et pr\u00e9cautions possibles afin de garantir le respect des donn\u00e9es personnelles conform\u00e9ment au cadre l\u00e9gal \u00e9tabli par le R\u00e8glement G\u00e9n\u00e9ral de Protection des donn\u00e9es (RGPD) entr\u00e9 en vigueur le 25 mai 2018. Pour exercer vos droits, merci de vous me contacter \u00e0 cette adresse : lamargau@protonmail.com<\/p>\n\n\n\n<p>www.lamargau.com utilise des cookies afin d\u2019am\u00e9liorer votre navigation afin d\u2019effectuer le suivi de la fr\u00e9quentation du site\u00a0<em>(via le service Google Analytics)<\/em>.<\/p>\n\n\n\n<p>Vous avez la possibilit\u00e9 de d\u00e9sactiver les cookies en vous rendant dans les options de votre navigateur. Cliquez sur le lien correspondant \u00e0 votre navigateur pour d\u00e9couvrir comment faire :<\/p>\n\n\n\n<ul class=\"wp-block-list\">\n<li><a href=\"https:\/\/support.google.com\/chrome\/answer\/95647?hl=fr\">Google Chrome<\/a><\/li>\n\n\n\n<li><a href=\"https:\/\/support.mozilla.org\/fr\/kb\/activer-desactiver-cookies\">Mozilla Firefox<\/a><\/li>\n\n\n\n<li><a href=\"http:\/\/support.apple.com\/kb\/PH17191?viewlocale=fr_FR&amp;locale=en_US\">Safari<\/a><\/li>\n\n\n\n<li><a href=\"http:\/\/help.opera.com\/Windows\/10.20\/fr\/cookies.html\">Opera<\/a><\/li>\n\n\n\n<li><a href=\"http:\/\/windows.microsoft.com\/fr-fr\/internet-explorer\/delete-manage-cookies#ie=ie-11\">Internet Explorer<\/a><\/li>\n<\/ul>\n\n\n\n<p><strong>Plus d\u2019informations sur les cookies \u00e0 cette adresse :<\/strong>&nbsp;<a href=\"https:\/\/www.cnil.fr\/fr\/cookies-traceurs-que-dit-la-loi\">https:\/\/www.cnil.fr\/fr\/cookies-traceurs-que-dit-la-loi<\/a><\/p>\n","protected":false},"excerpt":{"rendered":"<p>Protection des biens et des personnes \u2013 Gestion des donn\u00e9es personnelles www.lamargau.com recueille vos donn\u00e9es, sur votre consentement, par le biais d\u2019un formulaire de contact. Ces informations sont enregistr\u00e9es dans un fichier informatis\u00e9 pour faciliter le bon d\u00e9roulement des \u00e9changes entre vous et un collaborateur de www.lamargau.com. Ces \u00e9changes ont pour objectif de traiter votre [&hellip;]<\/p>\n","protected":false},"author":1,"featured_media":0,"parent":0,"menu_order":0,"comment_status":"closed","ping_status":"closed","template":"","meta":{"footnotes":""},"class_list":["post-234","page","type-page","status-publish","czr-hentry"],"yoast_head":"<!-- This site is optimized with the Yoast SEO plugin v27.4 - https:\/\/yoast.com\/product\/yoast-seo-wordpress\/ -->\n<title>Politique de confidentialit\u00e9 | La Margau<\/title>\n<meta name=\"robots\" content=\"index, follow, max-snippet:-1, max-image-preview:large, max-video-preview:-1\" \/>\n<link rel=\"canonical\" href=\"https:\/\/lamargau.com\/index.php\/politique-de-confidentialite-2\/\" \/>\n<meta property=\"og:locale\" content=\"fr_FR\" \/>\n<meta property=\"og:type\" content=\"article\" \/>\n<meta property=\"og:title\" content=\"Politique de confidentialit\u00e9 | La Margau\" \/>\n<meta property=\"og:description\" content=\"Protection des biens et des personnes \u2013 Gestion des donn\u00e9es personnelles www.lamargau.com recueille vos donn\u00e9es, sur votre consentement, par le biais d\u2019un formulaire de contact. Ces informations sont enregistr\u00e9es dans un fichier informatis\u00e9 pour faciliter le bon d\u00e9roulement des \u00e9changes entre vous et un collaborateur de www.lamargau.com. Ces \u00e9changes ont pour objectif de traiter votre [&hellip;]\" \/>\n<meta property=\"og:url\" content=\"https:\/\/lamargau.com\/index.php\/politique-de-confidentialite-2\/\" \/>\n<meta property=\"og:site_name\" content=\"La Margau\" \/>\n<meta property=\"article:publisher\" content=\"https:\/\/www.facebook.com\/p\/Brasserie-La-Margau-100057054446487\/?locale=fr_FR\" \/>\n<meta property=\"og:image\" content=\"https:\/\/lamargau.com\/wp-content\/uploads\/2024\/07\/logo.png\" \/>\n\t<meta property=\"og:image:width\" content=\"600\" \/>\n\t<meta property=\"og:image:height\" content=\"299\" \/>\n\t<meta property=\"og:image:type\" content=\"image\/png\" \/>\n<meta name=\"twitter:card\" content=\"summary_large_image\" \/>\n<meta name=\"twitter:label1\" content=\"Dur\u00e9e de lecture estim\u00e9e\" \/>\n\t<meta name=\"twitter:data1\" content=\"2 minutes\" \/>\n<script type=\"application\/ld+json\" class=\"yoast-schema-graph\">{\"@context\":\"https:\\\/\\\/schema.org\",\"@graph\":[{\"@type\":\"WebPage\",\"@id\":\"https:\\\/\\\/lamargau.com\\\/index.php\\\/politique-de-confidentialite-2\\\/\",\"url\":\"https:\\\/\\\/lamargau.com\\\/index.php\\\/politique-de-confidentialite-2\\\/\",\"name\":\"Politique de confidentialit\u00e9 | La Margau\",\"isPartOf\":{\"@id\":\"https:\\\/\\\/lamargau.com\\\/#website\"},\"datePublished\":\"2024-07-16T15:02:45+00:00\",\"breadcrumb\":{\"@id\":\"https:\\\/\\\/lamargau.com\\\/index.php\\\/politique-de-confidentialite-2\\\/#breadcrumb\"},\"inLanguage\":\"fr-FR\",\"potentialAction\":[{\"@type\":\"ReadAction\",\"target\":[\"https:\\\/\\\/lamargau.com\\\/index.php\\\/politique-de-confidentialite-2\\\/\"]}]},{\"@type\":\"BreadcrumbList\",\"@id\":\"https:\\\/\\\/lamargau.com\\\/index.php\\\/politique-de-confidentialite-2\\\/#breadcrumb\",\"itemListElement\":[{\"@type\":\"ListItem\",\"position\":1,\"name\":\"Accueil\",\"item\":\"https:\\\/\\\/lamargau.com\\\/\"},{\"@type\":\"ListItem\",\"position\":2,\"name\":\"Politique de confidentialit\u00e9\"}]},{\"@type\":\"WebSite\",\"@id\":\"https:\\\/\\\/lamargau.com\\\/#website\",\"url\":\"https:\\\/\\\/lamargau.com\\\/\",\"name\":\"La Margau\",\"description\":\"Micro-brasserie\",\"publisher\":{\"@id\":\"https:\\\/\\\/lamargau.com\\\/#organization\"},\"alternateName\":\"Margau\",\"potentialAction\":[{\"@type\":\"SearchAction\",\"target\":{\"@type\":\"EntryPoint\",\"urlTemplate\":\"https:\\\/\\\/lamargau.com\\\/?s={search_term_string}\"},\"query-input\":{\"@type\":\"PropertyValueSpecification\",\"valueRequired\":true,\"valueName\":\"search_term_string\"}}],\"inLanguage\":\"fr-FR\"},{\"@type\":\"Organization\",\"@id\":\"https:\\\/\\\/lamargau.com\\\/#organization\",\"name\":\"Brasserie La Margau (BOW)\",\"url\":\"https:\\\/\\\/lamargau.com\\\/\",\"logo\":{\"@type\":\"ImageObject\",\"inLanguage\":\"fr-FR\",\"@id\":\"https:\\\/\\\/lamargau.com\\\/#\\\/schema\\\/logo\\\/image\\\/\",\"url\":\"https:\\\/\\\/lamargau.com\\\/wp-content\\\/uploads\\\/2024\\\/07\\\/cropped-cropped-logo.png\",\"contentUrl\":\"https:\\\/\\\/lamargau.com\\\/wp-content\\\/uploads\\\/2024\\\/07\\\/cropped-cropped-logo.png\",\"width\":600,\"height\":240,\"caption\":\"Brasserie La Margau (BOW)\"},\"image\":{\"@id\":\"https:\\\/\\\/lamargau.com\\\/#\\\/schema\\\/logo\\\/image\\\/\"},\"sameAs\":[\"https:\\\/\\\/www.facebook.com\\\/p\\\/Brasserie-La-Margau-100057054446487\\\/?locale=fr_FR\",\"https:\\\/\\\/www.instagram.com\\\/la.margau\\\/\"]}]}<\/script>\n<!-- \/ Yoast SEO plugin. -->","yoast_head_json":{"title":"Politique de confidentialit\u00e9 | La Margau","robots":{"index":"index","follow":"follow","max-snippet":"max-snippet:-1","max-image-preview":"max-image-preview:large","max-video-preview":"max-video-preview:-1"},"canonical":"https:\/\/lamargau.com\/index.php\/politique-de-confidentialite-2\/","og_locale":"fr_FR","og_type":"article","og_title":"Politique de confidentialit\u00e9 | La Margau","og_description":"Protection des biens et des personnes \u2013 Gestion des donn\u00e9es personnelles www.lamargau.com recueille vos donn\u00e9es, sur votre consentement, par le biais d\u2019un formulaire de contact. Ces informations sont enregistr\u00e9es dans un fichier informatis\u00e9 pour faciliter le bon d\u00e9roulement des \u00e9changes entre vous et un collaborateur de www.lamargau.com. Ces \u00e9changes ont pour objectif de traiter votre [&hellip;]","og_url":"https:\/\/lamargau.com\/index.php\/politique-de-confidentialite-2\/","og_site_name":"La Margau","article_publisher":"https:\/\/www.facebook.com\/p\/Brasserie-La-Margau-100057054446487\/?locale=fr_FR","og_image":[{"width":600,"height":299,"url":"https:\/\/lamargau.com\/wp-content\/uploads\/2024\/07\/logo.png","type":"image\/png"}],"twitter_card":"summary_large_image","twitter_misc":{"Dur\u00e9e de lecture estim\u00e9e":"2 minutes"},"schema":{"@context":"https:\/\/schema.org","@graph":[{"@type":"WebPage","@id":"https:\/\/lamargau.com\/index.php\/politique-de-confidentialite-2\/","url":"https:\/\/lamargau.com\/index.php\/politique-de-confidentialite-2\/","name":"Politique de confidentialit\u00e9 | La Margau","isPartOf":{"@id":"https:\/\/lamargau.com\/#website"},"datePublished":"2024-07-16T15:02:45+00:00","breadcrumb":{"@id":"https:\/\/lamargau.com\/index.php\/politique-de-confidentialite-2\/#breadcrumb"},"inLanguage":"fr-FR","potentialAction":[{"@type":"ReadAction","target":["https:\/\/lamargau.com\/index.php\/politique-de-confidentialite-2\/"]}]},{"@type":"BreadcrumbList","@id":"https:\/\/lamargau.com\/index.php\/politique-de-confidentialite-2\/#breadcrumb","itemListElement":[{"@type":"ListItem","position":1,"name":"Accueil","item":"https:\/\/lamargau.com\/"},{"@type":"ListItem","position":2,"name":"Politique de confidentialit\u00e9"}]},{"@type":"WebSite","@id":"https:\/\/lamargau.com\/#website","url":"https:\/\/lamargau.com\/","name":"La Margau","description":"Micro-brasserie","publisher":{"@id":"https:\/\/lamargau.com\/#organization"},"alternateName":"Margau","potentialAction":[{"@type":"SearchAction","target":{"@type":"EntryPoint","urlTemplate":"https:\/\/lamargau.com\/?s={search_term_string}"},"query-input":{"@type":"PropertyValueSpecification","valueRequired":true,"valueName":"search_term_string"}}],"inLanguage":"fr-FR"},{"@type":"Organization","@id":"https:\/\/lamargau.com\/#organization","name":"Brasserie La Margau (BOW)","url":"https:\/\/lamargau.com\/","logo":{"@type":"ImageObject","inLanguage":"fr-FR","@id":"https:\/\/lamargau.com\/#\/schema\/logo\/image\/","url":"https:\/\/lamargau.com\/wp-content\/uploads\/2024\/07\/cropped-cropped-logo.png","contentUrl":"https:\/\/lamargau.com\/wp-content\/uploads\/2024\/07\/cropped-cropped-logo.png","width":600,"height":240,"caption":"Brasserie La Margau (BOW)"},"image":{"@id":"https:\/\/lamargau.com\/#\/schema\/logo\/image\/"},"sameAs":["https:\/\/www.facebook.com\/p\/Brasserie-La-Margau-100057054446487\/?locale=fr_FR","https:\/\/www.instagram.com\/la.margau\/"]}]}},"_links":{"self":[{"href":"https:\/\/lamargau.com\/index.php\/wp-json\/wp\/v2\/pages\/234","targetHints":{"allow":["GET"]}}],"collection":[{"href":"https:\/\/lamargau.com\/index.php\/wp-json\/wp\/v2\/pages"}],"about":[{"href":"https:\/\/lamargau.com\/index.php\/wp-json\/wp\/v2\/types\/page"}],"author":[{"embeddable":true,"href":"https:\/\/lamargau.com\/index.php\/wp-json\/wp\/v2\/users\/1"}],"replies":[{"embeddable":true,"href":"https:\/\/lamargau.com\/index.php\/wp-json\/wp\/v2\/comments?post=234"}],"version-history":[{"count":1,"href":"https:\/\/lamargau.com\/index.php\/wp-json\/wp\/v2\/pages\/234\/revisions"}],"predecessor-version":[{"id":237,"href":"https:\/\/lamargau.com\/index.php\/wp-json\/wp\/v2\/pages\/234\/revisions\/237"}],"wp:attachment":[{"href":"https:\/\/lamargau.com\/index.php\/wp-json\/wp\/v2\/media?parent=234"}],"curies":[{"name":"wp","href":"https:\/\/api.w.org\/{rel}","templated":true}]}}