{"id":491,"date":"2024-11-05T11:23:49","date_gmt":"2024-11-05T10:23:49","guid":{"rendered":"https:\/\/lamargau.com\/?page_id=491"},"modified":"2025-01-21T10:26:21","modified_gmt":"2025-01-21T09:26:21","slug":"idees-cadeaux-coffrets-noel-anniversaire-fete-casse-tete","status":"publish","type":"page","link":"https:\/\/lamargau.com\/index.php\/idees-cadeaux-coffrets-noel-anniversaire-fete-casse-tete\/","title":{"rendered":"Id\u00e9es cadeaux &#8211; Coffrets"},"content":{"rendered":"\n<p><\/p>\n\n\n\n<figure class=\"wp-block-gallery has-nested-images columns-default is-cropped wp-block-gallery-1 is-layout-flex wp-block-gallery-is-layout-flex\"><\/figure>\n","protected":false},"excerpt":{"rendered":"","protected":false},"author":1,"featured_media":0,"parent":0,"menu_order":0,"comment_status":"closed","ping_status":"closed","template":"","meta":{"footnotes":""},"class_list":["post-491","page","type-page","status-publish","czr-hentry"],"yoast_head":"<!-- This site is optimized with the Yoast SEO plugin v27.4 - https:\/\/yoast.com\/product\/yoast-seo-wordpress\/ -->\n<title>Id\u00e9es cadeaux - Coffrets | La Margau | Brasserie locale, Bonson<\/title>\n<meta name=\"description\" content=\"Venez d\u00e9couvrir des id\u00e9es cadeaux originales allant du coffret d\u00e9couverte de nos bi\u00e8res artisanales au casse-t\u00eate for\u00e9zien :)\" \/>\n<meta name=\"robots\" content=\"index, follow, max-snippet:-1, max-image-preview:large, max-video-preview:-1\" \/>\n<link rel=\"canonical\" href=\"https:\/\/lamargau.com\/index.php\/idees-cadeaux-coffrets-noel-anniversaire-fete-casse-tete\/\" \/>\n<meta property=\"og:locale\" content=\"fr_FR\" \/>\n<meta property=\"og:type\" content=\"article\" \/>\n<meta property=\"og:title\" content=\"Id\u00e9es cadeaux - Coffrets | La Margau | Brasserie locale, Bonson\" \/>\n<meta property=\"og:description\" content=\"Venez d\u00e9couvrir des id\u00e9es cadeaux originales allant du coffret d\u00e9couverte de nos bi\u00e8res artisanales au casse-t\u00eate for\u00e9zien :)\" \/>\n<meta property=\"og:url\" content=\"https:\/\/lamargau.com\/index.php\/idees-cadeaux-coffrets-noel-anniversaire-fete-casse-tete\/\" \/>\n<meta property=\"og:site_name\" content=\"La Margau\" \/>\n<meta property=\"article:publisher\" content=\"https:\/\/www.facebook.com\/p\/Brasserie-La-Margau-100057054446487\/?locale=fr_FR\" \/>\n<meta property=\"article:modified_time\" content=\"2025-01-21T09:26:21+00:00\" \/>\n<meta property=\"og:image\" content=\"https:\/\/lamargau.com\/wp-content\/uploads\/2024\/07\/logo.png\" \/>\n\t<meta property=\"og:image:width\" content=\"600\" \/>\n\t<meta property=\"og:image:height\" content=\"299\" \/>\n\t<meta property=\"og:image:type\" content=\"image\/png\" \/>\n<meta name=\"twitter:card\" content=\"summary_large_image\" \/>\n<meta name=\"twitter:label1\" content=\"Dur\u00e9e de lecture estim\u00e9e\" \/>\n\t<meta name=\"twitter:data1\" content=\"2 minutes\" \/>\n<script type=\"application\/ld+json\" class=\"yoast-schema-graph\">{\"@context\":\"https:\\\/\\\/schema.org\",\"@graph\":[{\"@type\":\"WebPage\",\"@id\":\"https:\\\/\\\/lamargau.com\\\/index.php\\\/idees-cadeaux-coffrets-noel-anniversaire-fete-casse-tete\\\/\",\"url\":\"https:\\\/\\\/lamargau.com\\\/index.php\\\/idees-cadeaux-coffrets-noel-anniversaire-fete-casse-tete\\\/\",\"name\":\"Id\u00e9es cadeaux - Coffrets | La Margau | Brasserie locale, Bonson\",\"isPartOf\":{\"@id\":\"https:\\\/\\\/lamargau.com\\\/#website\"},\"datePublished\":\"2024-11-05T10:23:49+00:00\",\"dateModified\":\"2025-01-21T09:26:21+00:00\",\"description\":\"Venez d\u00e9couvrir des id\u00e9es cadeaux originales allant du coffret d\u00e9couverte de nos bi\u00e8res artisanales au casse-t\u00eate for\u00e9zien :)\",\"breadcrumb\":{\"@id\":\"https:\\\/\\\/lamargau.com\\\/index.php\\\/idees-cadeaux-coffrets-noel-anniversaire-fete-casse-tete\\\/#breadcrumb\"},\"inLanguage\":\"fr-FR\",\"potentialAction\":[{\"@type\":\"ReadAction\",\"target\":[\"https:\\\/\\\/lamargau.com\\\/index.php\\\/idees-cadeaux-coffrets-noel-anniversaire-fete-casse-tete\\\/\"]}]},{\"@type\":\"BreadcrumbList\",\"@id\":\"https:\\\/\\\/lamargau.com\\\/index.php\\\/idees-cadeaux-coffrets-noel-anniversaire-fete-casse-tete\\\/#breadcrumb\",\"itemListElement\":[{\"@type\":\"ListItem\",\"position\":1,\"name\":\"Accueil\",\"item\":\"https:\\\/\\\/lamargau.com\\\/\"},{\"@type\":\"ListItem\",\"position\":2,\"name\":\"Id\u00e9es cadeaux &#8211; Coffrets\"}]},{\"@type\":\"WebSite\",\"@id\":\"https:\\\/\\\/lamargau.com\\\/#website\",\"url\":\"https:\\\/\\\/lamargau.com\\\/\",\"name\":\"La Margau\",\"description\":\"Micro-brasserie\",\"publisher\":{\"@id\":\"https:\\\/\\\/lamargau.com\\\/#organization\"},\"alternateName\":\"Margau\",\"potentialAction\":[{\"@type\":\"SearchAction\",\"target\":{\"@type\":\"EntryPoint\",\"urlTemplate\":\"https:\\\/\\\/lamargau.com\\\/?s={search_term_string}\"},\"query-input\":{\"@type\":\"PropertyValueSpecification\",\"valueRequired\":true,\"valueName\":\"search_term_string\"}}],\"inLanguage\":\"fr-FR\"},{\"@type\":\"Organization\",\"@id\":\"https:\\\/\\\/lamargau.com\\\/#organization\",\"name\":\"Brasserie La Margau (BOW)\",\"url\":\"https:\\\/\\\/lamargau.com\\\/\",\"logo\":{\"@type\":\"ImageObject\",\"inLanguage\":\"fr-FR\",\"@id\":\"https:\\\/\\\/lamargau.com\\\/#\\\/schema\\\/logo\\\/image\\\/\",\"url\":\"https:\\\/\\\/lamargau.com\\\/wp-content\\\/uploads\\\/2024\\\/07\\\/cropped-cropped-logo.png\",\"contentUrl\":\"https:\\\/\\\/lamargau.com\\\/wp-content\\\/uploads\\\/2024\\\/07\\\/cropped-cropped-logo.png\",\"width\":600,\"height\":240,\"caption\":\"Brasserie La Margau (BOW)\"},\"image\":{\"@id\":\"https:\\\/\\\/lamargau.com\\\/#\\\/schema\\\/logo\\\/image\\\/\"},\"sameAs\":[\"https:\\\/\\\/www.facebook.com\\\/p\\\/Brasserie-La-Margau-100057054446487\\\/?locale=fr_FR\",\"https:\\\/\\\/www.instagram.com\\\/la.margau\\\/\"]}]}<\/script>\n<!-- \/ Yoast SEO plugin. -->","yoast_head_json":{"title":"Id\u00e9es cadeaux - Coffrets | La Margau | Brasserie locale, Bonson","description":"Venez d\u00e9couvrir des id\u00e9es cadeaux originales allant du coffret d\u00e9couverte de nos bi\u00e8res artisanales au casse-t\u00eate for\u00e9zien :)","robots":{"index":"index","follow":"follow","max-snippet":"max-snippet:-1","max-image-preview":"max-image-preview:large","max-video-preview":"max-video-preview:-1"},"canonical":"https:\/\/lamargau.com\/index.php\/idees-cadeaux-coffrets-noel-anniversaire-fete-casse-tete\/","og_locale":"fr_FR","og_type":"article","og_title":"Id\u00e9es cadeaux - Coffrets | La Margau | Brasserie locale, Bonson","og_description":"Venez d\u00e9couvrir des id\u00e9es cadeaux originales allant du coffret d\u00e9couverte de nos bi\u00e8res artisanales au casse-t\u00eate for\u00e9zien :)","og_url":"https:\/\/lamargau.com\/index.php\/idees-cadeaux-coffrets-noel-anniversaire-fete-casse-tete\/","og_site_name":"La Margau","article_publisher":"https:\/\/www.facebook.com\/p\/Brasserie-La-Margau-100057054446487\/?locale=fr_FR","article_modified_time":"2025-01-21T09:26:21+00:00","og_image":[{"width":600,"height":299,"url":"https:\/\/lamargau.com\/wp-content\/uploads\/2024\/07\/logo.png","type":"image\/png"}],"twitter_card":"summary_large_image","twitter_misc":{"Dur\u00e9e de lecture estim\u00e9e":"2 minutes"},"schema":{"@context":"https:\/\/schema.org","@graph":[{"@type":"WebPage","@id":"https:\/\/lamargau.com\/index.php\/idees-cadeaux-coffrets-noel-anniversaire-fete-casse-tete\/","url":"https:\/\/lamargau.com\/index.php\/idees-cadeaux-coffrets-noel-anniversaire-fete-casse-tete\/","name":"Id\u00e9es cadeaux - Coffrets | La Margau | Brasserie locale, Bonson","isPartOf":{"@id":"https:\/\/lamargau.com\/#website"},"datePublished":"2024-11-05T10:23:49+00:00","dateModified":"2025-01-21T09:26:21+00:00","description":"Venez d\u00e9couvrir des id\u00e9es cadeaux originales allant du coffret d\u00e9couverte de nos bi\u00e8res artisanales au casse-t\u00eate for\u00e9zien :)","breadcrumb":{"@id":"https:\/\/lamargau.com\/index.php\/idees-cadeaux-coffrets-noel-anniversaire-fete-casse-tete\/#breadcrumb"},"inLanguage":"fr-FR","potentialAction":[{"@type":"ReadAction","target":["https:\/\/lamargau.com\/index.php\/idees-cadeaux-coffrets-noel-anniversaire-fete-casse-tete\/"]}]},{"@type":"BreadcrumbList","@id":"https:\/\/lamargau.com\/index.php\/idees-cadeaux-coffrets-noel-anniversaire-fete-casse-tete\/#breadcrumb","itemListElement":[{"@type":"ListItem","position":1,"name":"Accueil","item":"https:\/\/lamargau.com\/"},{"@type":"ListItem","position":2,"name":"Id\u00e9es cadeaux &#8211; Coffrets"}]},{"@type":"WebSite","@id":"https:\/\/lamargau.com\/#website","url":"https:\/\/lamargau.com\/","name":"La Margau","description":"Micro-brasserie","publisher":{"@id":"https:\/\/lamargau.com\/#organization"},"alternateName":"Margau","potentialAction":[{"@type":"SearchAction","target":{"@type":"EntryPoint","urlTemplate":"https:\/\/lamargau.com\/?s={search_term_string}"},"query-input":{"@type":"PropertyValueSpecification","valueRequired":true,"valueName":"search_term_string"}}],"inLanguage":"fr-FR"},{"@type":"Organization","@id":"https:\/\/lamargau.com\/#organization","name":"Brasserie La Margau (BOW)","url":"https:\/\/lamargau.com\/","logo":{"@type":"ImageObject","inLanguage":"fr-FR","@id":"https:\/\/lamargau.com\/#\/schema\/logo\/image\/","url":"https:\/\/lamargau.com\/wp-content\/uploads\/2024\/07\/cropped-cropped-logo.png","contentUrl":"https:\/\/lamargau.com\/wp-content\/uploads\/2024\/07\/cropped-cropped-logo.png","width":600,"height":240,"caption":"Brasserie La Margau (BOW)"},"image":{"@id":"https:\/\/lamargau.com\/#\/schema\/logo\/image\/"},"sameAs":["https:\/\/www.facebook.com\/p\/Brasserie-La-Margau-100057054446487\/?locale=fr_FR","https:\/\/www.instagram.com\/la.margau\/"]}]}},"_links":{"self":[{"href":"https:\/\/lamargau.com\/index.php\/wp-json\/wp\/v2\/pages\/491","targetHints":{"allow":["GET"]}}],"collection":[{"href":"https:\/\/lamargau.com\/index.php\/wp-json\/wp\/v2\/pages"}],"about":[{"href":"https:\/\/lamargau.com\/index.php\/wp-json\/wp\/v2\/types\/page"}],"author":[{"embeddable":true,"href":"https:\/\/lamargau.com\/index.php\/wp-json\/wp\/v2\/users\/1"}],"replies":[{"embeddable":true,"href":"https:\/\/lamargau.com\/index.php\/wp-json\/wp\/v2\/comments?post=491"}],"version-history":[{"count":4,"href":"https:\/\/lamargau.com\/index.php\/wp-json\/wp\/v2\/pages\/491\/revisions"}],"predecessor-version":[{"id":548,"href":"https:\/\/lamargau.com\/index.php\/wp-json\/wp\/v2\/pages\/491\/revisions\/548"}],"wp:attachment":[{"href":"https:\/\/lamargau.com\/index.php\/wp-json\/wp\/v2\/media?parent=491"}],"curies":[{"name":"wp","href":"https:\/\/api.w.org\/{rel}","templated":true}]}}