{"id":56,"date":"2024-07-15T15:40:36","date_gmt":"2024-07-15T13:40:36","guid":{"rendered":"https:\/\/lamargau.com\/admin\/?page_id=56"},"modified":"2025-01-22T11:50:49","modified_gmt":"2025-01-22T10:50:49","slug":"location-tireuse-biere-blonde-blanche-artisanale-fut","status":"publish","type":"page","link":"https:\/\/lamargau.com\/index.php\/location-tireuse-biere-blonde-blanche-artisanale-fut\/","title":{"rendered":"R\u00e9servation tireuse \u00e0 bi\u00e8re"},"content":{"rendered":"\n<p><strong>R\u00e9servation<\/strong> tireuse \u00e0 <strong>bi\u00e8re<\/strong>, nos <strong>tireuses<\/strong> sont mis \u00e0 disposition d\u00e8s l\u2019achat de un <strong>f\u00fbt<\/strong>. Toutes nos <strong>tireuses<\/strong> sont des tireuses avec 2 <strong>becs<\/strong> afin de pouvoir servir des <strong>bi\u00e8res<\/strong> diff\u00e9rentes sur vos <strong>\u00e9v\u00e9nements<\/strong>. Plusieurs <strong>tireuses disponible<\/strong> en fonction de l\u2019esth\u00e9tique recherch\u00e9 et la taille de votre <strong>\u00e9v\u00e9nement<\/strong> (anniversaire, mariage, f\u00eate de village, s\u00e9minaire d\u2019entreprise, festival\u2026).<\/p>\n","protected":false},"excerpt":{"rendered":"<p>R\u00e9servation tireuse \u00e0 bi\u00e8re, nos tireuses sont mis \u00e0 disposition d\u00e8s l\u2019achat de un f\u00fbt. Toutes nos tireuses sont des tireuses avec 2 becs afin de pouvoir servir des bi\u00e8res diff\u00e9rentes sur vos \u00e9v\u00e9nements. Plusieurs tireuses disponible en fonction de l\u2019esth\u00e9tique recherch\u00e9 et la taille de votre \u00e9v\u00e9nement (anniversaire, mariage, f\u00eate de village, s\u00e9minaire d\u2019entreprise, [&hellip;]<\/p>\n","protected":false},"author":1,"featured_media":0,"parent":0,"menu_order":0,"comment_status":"closed","ping_status":"closed","template":"","meta":{"footnotes":""},"class_list":["post-56","page","type-page","status-publish","czr-hentry"],"yoast_head":"<!-- This site is optimized with the Yoast SEO plugin v27.4 - https:\/\/yoast.com\/product\/yoast-seo-wordpress\/ -->\n<title>R\u00e9servation tireuse \u00e0 bi\u00e8re | La Margau | Bonson, Loire<\/title>\n<meta name=\"description\" content=\"\u00c0 la recherche d\u2019une tireuse \u00e0 bi\u00e8re pour un \u00e9v\u00e8nement, anniversaire, soir\u00e9e. La Margau \u00e0 une solution pour vous ! R\u00e9servation tireuse bi\u00e8re\" \/>\n<meta name=\"robots\" content=\"index, follow, max-snippet:-1, max-image-preview:large, max-video-preview:-1\" \/>\n<link rel=\"canonical\" href=\"https:\/\/lamargau.com\/index.php\/location-tireuse-biere-blonde-blanche-artisanale-fut\/\" \/>\n<meta property=\"og:locale\" content=\"fr_FR\" \/>\n<meta property=\"og:type\" content=\"article\" \/>\n<meta property=\"og:title\" content=\"R\u00e9servation tireuse \u00e0 bi\u00e8re | La Margau | Bonson, Loire\" \/>\n<meta property=\"og:description\" content=\"\u00c0 la recherche d\u2019une tireuse \u00e0 bi\u00e8re pour un \u00e9v\u00e8nement, anniversaire, soir\u00e9e. La Margau \u00e0 une solution pour vous ! R\u00e9servation tireuse bi\u00e8re\" \/>\n<meta property=\"og:url\" content=\"https:\/\/lamargau.com\/index.php\/location-tireuse-biere-blonde-blanche-artisanale-fut\/\" \/>\n<meta property=\"og:site_name\" content=\"La Margau\" \/>\n<meta property=\"article:publisher\" content=\"https:\/\/www.facebook.com\/p\/Brasserie-La-Margau-100057054446487\/?locale=fr_FR\" \/>\n<meta property=\"article:modified_time\" content=\"2025-01-22T10:50:49+00:00\" \/>\n<meta property=\"og:image\" content=\"https:\/\/lamargau.com\/wp-content\/uploads\/2024\/07\/logo.png\" \/>\n\t<meta property=\"og:image:width\" content=\"600\" \/>\n\t<meta property=\"og:image:height\" content=\"299\" \/>\n\t<meta property=\"og:image:type\" content=\"image\/png\" \/>\n<meta name=\"twitter:card\" content=\"summary_large_image\" \/>\n<meta name=\"twitter:label1\" content=\"Dur\u00e9e de lecture estim\u00e9e\" \/>\n\t<meta name=\"twitter:data1\" content=\"1 minute\" \/>\n<script type=\"application\/ld+json\" class=\"yoast-schema-graph\">{\"@context\":\"https:\\\/\\\/schema.org\",\"@graph\":[{\"@type\":\"WebPage\",\"@id\":\"https:\\\/\\\/lamargau.com\\\/index.php\\\/location-tireuse-biere-blonde-blanche-artisanale-fut\\\/\",\"url\":\"https:\\\/\\\/lamargau.com\\\/index.php\\\/location-tireuse-biere-blonde-blanche-artisanale-fut\\\/\",\"name\":\"R\u00e9servation tireuse \u00e0 bi\u00e8re | La Margau | Bonson, Loire\",\"isPartOf\":{\"@id\":\"https:\\\/\\\/lamargau.com\\\/#website\"},\"datePublished\":\"2024-07-15T13:40:36+00:00\",\"dateModified\":\"2025-01-22T10:50:49+00:00\",\"description\":\"\u00c0 la recherche d\u2019une tireuse \u00e0 bi\u00e8re pour un \u00e9v\u00e8nement, anniversaire, soir\u00e9e. La Margau \u00e0 une solution pour vous ! R\u00e9servation tireuse bi\u00e8re\",\"breadcrumb\":{\"@id\":\"https:\\\/\\\/lamargau.com\\\/index.php\\\/location-tireuse-biere-blonde-blanche-artisanale-fut\\\/#breadcrumb\"},\"inLanguage\":\"fr-FR\",\"potentialAction\":[{\"@type\":\"ReadAction\",\"target\":[\"https:\\\/\\\/lamargau.com\\\/index.php\\\/location-tireuse-biere-blonde-blanche-artisanale-fut\\\/\"]}]},{\"@type\":\"BreadcrumbList\",\"@id\":\"https:\\\/\\\/lamargau.com\\\/index.php\\\/location-tireuse-biere-blonde-blanche-artisanale-fut\\\/#breadcrumb\",\"itemListElement\":[{\"@type\":\"ListItem\",\"position\":1,\"name\":\"Accueil\",\"item\":\"https:\\\/\\\/lamargau.com\\\/\"},{\"@type\":\"ListItem\",\"position\":2,\"name\":\"R\u00e9servation tireuse \u00e0 bi\u00e8re\"}]},{\"@type\":\"WebSite\",\"@id\":\"https:\\\/\\\/lamargau.com\\\/#website\",\"url\":\"https:\\\/\\\/lamargau.com\\\/\",\"name\":\"La Margau\",\"description\":\"Micro-brasserie\",\"publisher\":{\"@id\":\"https:\\\/\\\/lamargau.com\\\/#organization\"},\"alternateName\":\"Margau\",\"potentialAction\":[{\"@type\":\"SearchAction\",\"target\":{\"@type\":\"EntryPoint\",\"urlTemplate\":\"https:\\\/\\\/lamargau.com\\\/?s={search_term_string}\"},\"query-input\":{\"@type\":\"PropertyValueSpecification\",\"valueRequired\":true,\"valueName\":\"search_term_string\"}}],\"inLanguage\":\"fr-FR\"},{\"@type\":\"Organization\",\"@id\":\"https:\\\/\\\/lamargau.com\\\/#organization\",\"name\":\"Brasserie La Margau (BOW)\",\"url\":\"https:\\\/\\\/lamargau.com\\\/\",\"logo\":{\"@type\":\"ImageObject\",\"inLanguage\":\"fr-FR\",\"@id\":\"https:\\\/\\\/lamargau.com\\\/#\\\/schema\\\/logo\\\/image\\\/\",\"url\":\"https:\\\/\\\/lamargau.com\\\/wp-content\\\/uploads\\\/2024\\\/07\\\/cropped-cropped-logo.png\",\"contentUrl\":\"https:\\\/\\\/lamargau.com\\\/wp-content\\\/uploads\\\/2024\\\/07\\\/cropped-cropped-logo.png\",\"width\":600,\"height\":240,\"caption\":\"Brasserie La Margau (BOW)\"},\"image\":{\"@id\":\"https:\\\/\\\/lamargau.com\\\/#\\\/schema\\\/logo\\\/image\\\/\"},\"sameAs\":[\"https:\\\/\\\/www.facebook.com\\\/p\\\/Brasserie-La-Margau-100057054446487\\\/?locale=fr_FR\",\"https:\\\/\\\/www.instagram.com\\\/la.margau\\\/\"]}]}<\/script>\n<!-- \/ Yoast SEO plugin. -->","yoast_head_json":{"title":"R\u00e9servation tireuse \u00e0 bi\u00e8re | La Margau | Bonson, Loire","description":"\u00c0 la recherche d\u2019une tireuse \u00e0 bi\u00e8re pour un \u00e9v\u00e8nement, anniversaire, soir\u00e9e. La Margau \u00e0 une solution pour vous ! R\u00e9servation tireuse bi\u00e8re","robots":{"index":"index","follow":"follow","max-snippet":"max-snippet:-1","max-image-preview":"max-image-preview:large","max-video-preview":"max-video-preview:-1"},"canonical":"https:\/\/lamargau.com\/index.php\/location-tireuse-biere-blonde-blanche-artisanale-fut\/","og_locale":"fr_FR","og_type":"article","og_title":"R\u00e9servation tireuse \u00e0 bi\u00e8re | La Margau | Bonson, Loire","og_description":"\u00c0 la recherche d\u2019une tireuse \u00e0 bi\u00e8re pour un \u00e9v\u00e8nement, anniversaire, soir\u00e9e. La Margau \u00e0 une solution pour vous ! R\u00e9servation tireuse bi\u00e8re","og_url":"https:\/\/lamargau.com\/index.php\/location-tireuse-biere-blonde-blanche-artisanale-fut\/","og_site_name":"La Margau","article_publisher":"https:\/\/www.facebook.com\/p\/Brasserie-La-Margau-100057054446487\/?locale=fr_FR","article_modified_time":"2025-01-22T10:50:49+00:00","og_image":[{"width":600,"height":299,"url":"https:\/\/lamargau.com\/wp-content\/uploads\/2024\/07\/logo.png","type":"image\/png"}],"twitter_card":"summary_large_image","twitter_misc":{"Dur\u00e9e de lecture estim\u00e9e":"1 minute"},"schema":{"@context":"https:\/\/schema.org","@graph":[{"@type":"WebPage","@id":"https:\/\/lamargau.com\/index.php\/location-tireuse-biere-blonde-blanche-artisanale-fut\/","url":"https:\/\/lamargau.com\/index.php\/location-tireuse-biere-blonde-blanche-artisanale-fut\/","name":"R\u00e9servation tireuse \u00e0 bi\u00e8re | La Margau | Bonson, Loire","isPartOf":{"@id":"https:\/\/lamargau.com\/#website"},"datePublished":"2024-07-15T13:40:36+00:00","dateModified":"2025-01-22T10:50:49+00:00","description":"\u00c0 la recherche d\u2019une tireuse \u00e0 bi\u00e8re pour un \u00e9v\u00e8nement, anniversaire, soir\u00e9e. La Margau \u00e0 une solution pour vous ! R\u00e9servation tireuse bi\u00e8re","breadcrumb":{"@id":"https:\/\/lamargau.com\/index.php\/location-tireuse-biere-blonde-blanche-artisanale-fut\/#breadcrumb"},"inLanguage":"fr-FR","potentialAction":[{"@type":"ReadAction","target":["https:\/\/lamargau.com\/index.php\/location-tireuse-biere-blonde-blanche-artisanale-fut\/"]}]},{"@type":"BreadcrumbList","@id":"https:\/\/lamargau.com\/index.php\/location-tireuse-biere-blonde-blanche-artisanale-fut\/#breadcrumb","itemListElement":[{"@type":"ListItem","position":1,"name":"Accueil","item":"https:\/\/lamargau.com\/"},{"@type":"ListItem","position":2,"name":"R\u00e9servation tireuse \u00e0 bi\u00e8re"}]},{"@type":"WebSite","@id":"https:\/\/lamargau.com\/#website","url":"https:\/\/lamargau.com\/","name":"La Margau","description":"Micro-brasserie","publisher":{"@id":"https:\/\/lamargau.com\/#organization"},"alternateName":"Margau","potentialAction":[{"@type":"SearchAction","target":{"@type":"EntryPoint","urlTemplate":"https:\/\/lamargau.com\/?s={search_term_string}"},"query-input":{"@type":"PropertyValueSpecification","valueRequired":true,"valueName":"search_term_string"}}],"inLanguage":"fr-FR"},{"@type":"Organization","@id":"https:\/\/lamargau.com\/#organization","name":"Brasserie La Margau (BOW)","url":"https:\/\/lamargau.com\/","logo":{"@type":"ImageObject","inLanguage":"fr-FR","@id":"https:\/\/lamargau.com\/#\/schema\/logo\/image\/","url":"https:\/\/lamargau.com\/wp-content\/uploads\/2024\/07\/cropped-cropped-logo.png","contentUrl":"https:\/\/lamargau.com\/wp-content\/uploads\/2024\/07\/cropped-cropped-logo.png","width":600,"height":240,"caption":"Brasserie La Margau (BOW)"},"image":{"@id":"https:\/\/lamargau.com\/#\/schema\/logo\/image\/"},"sameAs":["https:\/\/www.facebook.com\/p\/Brasserie-La-Margau-100057054446487\/?locale=fr_FR","https:\/\/www.instagram.com\/la.margau\/"]}]}},"_links":{"self":[{"href":"https:\/\/lamargau.com\/index.php\/wp-json\/wp\/v2\/pages\/56","targetHints":{"allow":["GET"]}}],"collection":[{"href":"https:\/\/lamargau.com\/index.php\/wp-json\/wp\/v2\/pages"}],"about":[{"href":"https:\/\/lamargau.com\/index.php\/wp-json\/wp\/v2\/types\/page"}],"author":[{"embeddable":true,"href":"https:\/\/lamargau.com\/index.php\/wp-json\/wp\/v2\/users\/1"}],"replies":[{"embeddable":true,"href":"https:\/\/lamargau.com\/index.php\/wp-json\/wp\/v2\/comments?post=56"}],"version-history":[{"count":6,"href":"https:\/\/lamargau.com\/index.php\/wp-json\/wp\/v2\/pages\/56\/revisions"}],"predecessor-version":[{"id":593,"href":"https:\/\/lamargau.com\/index.php\/wp-json\/wp\/v2\/pages\/56\/revisions\/593"}],"wp:attachment":[{"href":"https:\/\/lamargau.com\/index.php\/wp-json\/wp\/v2\/media?parent=56"}],"curies":[{"name":"wp","href":"https:\/\/api.w.org\/{rel}","templated":true}]}}